{"id":9,"date":"2015-02-21T12:12:43","date_gmt":"2015-02-21T09:12:43","guid":{"rendered":"http:\/\/www.yeniterter.az\/?page_id=9"},"modified":"2015-03-17T14:30:37","modified_gmt":"2015-03-17T11:30:37","slug":"fotoalbom","status":"publish","type":"page","link":"https:\/\/yeniterter.az\/?page_id=9","title":{"rendered":"Fotoalbom"},"content":{"rendered":"<div id=\"attachment_141\" style=\"width: 310px\" class=\"wp-caption aligncenter\"><a href=\"http:\/\/www.yeniterter.az\/wp-content\/uploads\/001.jpg\"><img aria-describedby=\"caption-attachment-141\" decoding=\"async\" loading=\"lazy\" class=\"wp-image-141 size-medium\" src=\"http:\/\/www.yeniterter.az\/wp-content\/uploads\/001-300x217.jpg\" alt=\"001\" width=\"300\" height=\"217\" srcset=\"https:\/\/yeniterter.az\/wp-content\/uploads\/001-300x217.jpg 300w, https:\/\/yeniterter.az\/wp-content\/uploads\/001-1024x739.jpg 1024w\" sizes=\"(max-width: 300px) 100vw, 300px\" \/><\/a><p id=\"caption-attachment-141\" class=\"wp-caption-text\"><strong>T\u0259rt\u0259rin giri\u015f qap\u0131s\u0131<\/strong><\/p><\/div>\n<p style=\"text-align: left;\"><a href=\"http:\/\/www.yeniterter.az\/wp-content\/uploads\/DSC_8794.jpg\"><br \/>\n<\/a><\/p>\n<div id=\"attachment_142\" style=\"width: 310px\" class=\"wp-caption aligncenter\"><a href=\"http:\/\/www.yeniterter.az\/wp-content\/uploads\/DSC_0021.jpg\"><img aria-describedby=\"caption-attachment-142\" decoding=\"async\" loading=\"lazy\" class=\"wp-image-142 size-medium\" src=\"http:\/\/www.yeniterter.az\/wp-content\/uploads\/DSC_0021-300x201.jpg\" alt=\"DSC_0021\" width=\"300\" height=\"201\" srcset=\"https:\/\/yeniterter.az\/wp-content\/uploads\/DSC_0021-300x201.jpg 300w, https:\/\/yeniterter.az\/wp-content\/uploads\/DSC_0021-1024x686.jpg 1024w\" sizes=\"(max-width: 300px) 100vw, 300px\" \/><\/a><p id=\"caption-attachment-142\" class=\"wp-caption-text\"><strong>G\u0259ncl\u0259r M\u0259rk\u0259zi<\/strong><\/p><\/div>\n<div id=\"attachment_145\" style=\"width: 310px\" class=\"wp-caption aligncenter\"><a href=\"http:\/\/www.yeniterter.az\/wp-content\/uploads\/DSC_8794.jpg\"><img aria-describedby=\"caption-attachment-145\" decoding=\"async\" loading=\"lazy\" class=\"wp-image-145 size-medium\" src=\"http:\/\/www.yeniterter.az\/wp-content\/uploads\/DSC_8794-300x199.jpg\" alt=\"DSC_8794\" width=\"300\" height=\"199\" srcset=\"https:\/\/yeniterter.az\/wp-content\/uploads\/DSC_8794-300x199.jpg 300w, https:\/\/yeniterter.az\/wp-content\/uploads\/DSC_8794-1024x681.jpg 1024w\" sizes=\"(max-width: 300px) 100vw, 300px\" \/><\/a><p id=\"caption-attachment-145\" class=\"wp-caption-text\"><strong>T\u0259hsil \u015f\u00f6b\u0259si<\/strong><\/p><\/div>\n<div id=\"attachment_143\" style=\"width: 310px\" class=\"wp-caption aligncenter\"><a href=\"http:\/\/www.yeniterter.az\/wp-content\/uploads\/DSC_8775.jpg\"><img aria-describedby=\"caption-attachment-143\" decoding=\"async\" loading=\"lazy\" class=\"wp-image-143 size-medium\" src=\"http:\/\/www.yeniterter.az\/wp-content\/uploads\/DSC_8775-300x199.jpg\" alt=\"DSC_8775\" width=\"300\" height=\"199\" srcset=\"https:\/\/yeniterter.az\/wp-content\/uploads\/DSC_8775-300x199.jpg 300w, https:\/\/yeniterter.az\/wp-content\/uploads\/DSC_8775-1024x681.jpg 1024w\" sizes=\"(max-width: 300px) 100vw, 300px\" \/><\/a><p id=\"caption-attachment-143\" class=\"wp-caption-text\"><strong>Heyd\u0259r \u018fliyev prospekti<\/strong><\/p><\/div>\n<div id=\"attachment_146\" style=\"width: 310px\" class=\"wp-caption aligncenter\"><a href=\"http:\/\/www.yeniterter.az\/wp-content\/uploads\/DSC_8828.jpg\"><img aria-describedby=\"caption-attachment-146\" decoding=\"async\" loading=\"lazy\" class=\"wp-image-146 size-medium\" src=\"http:\/\/www.yeniterter.az\/wp-content\/uploads\/DSC_8828-300x199.jpg\" alt=\"DSC_8828\" width=\"300\" height=\"199\" srcset=\"https:\/\/yeniterter.az\/wp-content\/uploads\/DSC_8828-300x199.jpg 300w, https:\/\/yeniterter.az\/wp-content\/uploads\/DSC_8828-1024x681.jpg 1024w\" sizes=\"(max-width: 300px) 100vw, 300px\" \/><\/a><p id=\"caption-attachment-146\" class=\"wp-caption-text\"><strong>\u015e\u0259hidl\u0259r abid\u0259-kompleksi<\/strong><\/p><\/div>\n<div id=\"attachment_147\" style=\"width: 310px\" class=\"wp-caption aligncenter\"><a href=\"http:\/\/www.yeniterter.az\/wp-content\/uploads\/DSC_0095.jpg\"><img aria-describedby=\"caption-attachment-147\" decoding=\"async\" loading=\"lazy\" class=\"wp-image-147 size-medium\" src=\"http:\/\/www.yeniterter.az\/wp-content\/uploads\/DSC_0095-300x201.jpg\" alt=\"DSC_0095\" width=\"300\" height=\"201\" srcset=\"https:\/\/yeniterter.az\/wp-content\/uploads\/DSC_0095-300x201.jpg 300w, https:\/\/yeniterter.az\/wp-content\/uploads\/DSC_0095-1024x686.jpg 1024w\" sizes=\"(max-width: 300px) 100vw, 300px\" \/><\/a><p id=\"caption-attachment-147\" class=\"wp-caption-text\"><strong>Ana abid\u0259si<\/strong><\/p><\/div>\n<div id=\"attachment_148\" style=\"width: 310px\" class=\"wp-caption aligncenter\"><a href=\"http:\/\/www.yeniterter.az\/wp-content\/uploads\/DSC_8852.jpg\"><img aria-describedby=\"caption-attachment-148\" decoding=\"async\" loading=\"lazy\" class=\"wp-image-148 size-medium\" src=\"http:\/\/www.yeniterter.az\/wp-content\/uploads\/DSC_8852-300x199.jpg\" alt=\"DSC_8852\" width=\"300\" height=\"199\" srcset=\"https:\/\/yeniterter.az\/wp-content\/uploads\/DSC_8852-300x199.jpg 300w, https:\/\/yeniterter.az\/wp-content\/uploads\/DSC_8852-1024x681.jpg 1024w\" sizes=\"(max-width: 300px) 100vw, 300px\" \/><\/a><p id=\"caption-attachment-148\" class=\"wp-caption-text\"><strong>Heyd\u0259r \u018fliyev prospekti<\/strong><\/p><\/div>\n<div id=\"attachment_149\" style=\"width: 310px\" class=\"wp-caption aligncenter\"><a href=\"http:\/\/www.yeniterter.az\/wp-content\/uploads\/DSC_8862.jpg\"><img aria-describedby=\"caption-attachment-149\" decoding=\"async\" loading=\"lazy\" class=\"wp-image-149 size-medium\" src=\"http:\/\/www.yeniterter.az\/wp-content\/uploads\/DSC_8862-300x199.jpg\" alt=\"DSC_8862\" width=\"300\" height=\"199\" srcset=\"https:\/\/yeniterter.az\/wp-content\/uploads\/DSC_8862-300x199.jpg 300w, https:\/\/yeniterter.az\/wp-content\/uploads\/DSC_8862-1024x681.jpg 1024w\" sizes=\"(max-width: 300px) 100vw, 300px\" \/><\/a><p id=\"caption-attachment-149\" class=\"wp-caption-text\"><strong>Heyd\u0259r \u018fliyev prospekti<\/strong><\/p><\/div>\n<div id=\"attachment_150\" style=\"width: 310px\" class=\"wp-caption aligncenter\"><a href=\"http:\/\/www.yeniterter.az\/wp-content\/uploads\/DSC_8866.jpg\"><img aria-describedby=\"caption-attachment-150\" decoding=\"async\" loading=\"lazy\" class=\"wp-image-150 size-medium\" src=\"http:\/\/www.yeniterter.az\/wp-content\/uploads\/DSC_8866-300x199.jpg\" alt=\"DSC_8866\" width=\"300\" height=\"199\" srcset=\"https:\/\/yeniterter.az\/wp-content\/uploads\/DSC_8866-300x199.jpg 300w, https:\/\/yeniterter.az\/wp-content\/uploads\/DSC_8866-1024x681.jpg 1024w\" sizes=\"(max-width: 300px) 100vw, 300px\" \/><\/a><p id=\"caption-attachment-150\" class=\"wp-caption-text\"><strong>T\u0259rt\u0259r \u00e7ay\u0131 \u00fcz\u0259rind\u0259 \u0259sas k\u00f6rp\u00fc<\/strong><\/p><\/div>\n<div id=\"attachment_151\" style=\"width: 310px\" class=\"wp-caption aligncenter\"><a href=\"http:\/\/www.yeniterter.az\/wp-content\/uploads\/\u0418\u0437\u043e\u0431\u0440\u0430\u0436\u0435\u043d\u0438\u0435-110.jpg\"><img aria-describedby=\"caption-attachment-151\" decoding=\"async\" loading=\"lazy\" class=\"wp-image-151 size-medium\" src=\"http:\/\/www.yeniterter.az\/wp-content\/uploads\/\u0418\u0437\u043e\u0431\u0440\u0430\u0436\u0435\u043d\u0438\u0435-110-300x225.jpg\" alt=\"\u0418\u0437\u043e\u0431\u0440\u0430\u0436\u0435\u043d\u0438\u0435 110\" width=\"300\" height=\"225\" srcset=\"https:\/\/yeniterter.az\/wp-content\/uploads\/\u0418\u0437\u043e\u0431\u0440\u0430\u0436\u0435\u043d\u0438\u0435-110-300x225.jpg 300w, https:\/\/yeniterter.az\/wp-content\/uploads\/\u0418\u0437\u043e\u0431\u0440\u0430\u0436\u0435\u043d\u0438\u0435-110-1024x768.jpg 1024w\" sizes=\"(max-width: 300px) 100vw, 300px\" \/><\/a><p id=\"caption-attachment-151\" class=\"wp-caption-text\"><strong>Heyd\u0259r Park\u0131n\u0131n giri\u015f qap\u0131s\u0131<\/strong><\/p><\/div>\n<div id=\"attachment_152\" style=\"width: 310px\" class=\"wp-caption aligncenter\"><a href=\"http:\/\/www.yeniterter.az\/wp-content\/uploads\/00002.jpg\"><img aria-describedby=\"caption-attachment-152\" decoding=\"async\" loading=\"lazy\" class=\"wp-image-152 size-medium\" src=\"http:\/\/www.yeniterter.az\/wp-content\/uploads\/00002-300x218.jpg\" alt=\"00002\" width=\"300\" height=\"218\" srcset=\"https:\/\/yeniterter.az\/wp-content\/uploads\/00002-300x218.jpg 300w, https:\/\/yeniterter.az\/wp-content\/uploads\/00002-1024x744.jpg 1024w\" sizes=\"(max-width: 300px) 100vw, 300px\" \/><\/a><p id=\"caption-attachment-152\" class=\"wp-caption-text\"><strong>Heyd\u0259r \u018fliyev M\u0259rk\u0259zi<\/strong><\/p><\/div>\n<div id=\"attachment_153\" style=\"width: 310px\" class=\"wp-caption aligncenter\"><a href=\"http:\/\/www.yeniterter.az\/wp-content\/uploads\/DSC_0102.jpg\"><img aria-describedby=\"caption-attachment-153\" decoding=\"async\" loading=\"lazy\" class=\"wp-image-153 size-medium\" src=\"http:\/\/www.yeniterter.az\/wp-content\/uploads\/DSC_0102-300x201.jpg\" alt=\"DSC_0102\" width=\"300\" height=\"201\" srcset=\"https:\/\/yeniterter.az\/wp-content\/uploads\/DSC_0102-300x201.jpg 300w, https:\/\/yeniterter.az\/wp-content\/uploads\/DSC_0102-1024x686.jpg 1024w\" sizes=\"(max-width: 300px) 100vw, 300px\" \/><\/a><p id=\"caption-attachment-153\" class=\"wp-caption-text\"><strong>Heyd\u0259r park\u0131ndan bir g\u00f6r\u00fcn\u00fc\u015f<\/strong><\/p><\/div>\n<div id=\"attachment_154\" style=\"width: 310px\" class=\"wp-caption aligncenter\"><a href=\"http:\/\/www.yeniterter.az\/wp-content\/uploads\/\u0418\u0437\u043e\u0431\u0440\u0430\u0436\u0435\u043d\u0438\u0435-116.jpg\"><img aria-describedby=\"caption-attachment-154\" decoding=\"async\" loading=\"lazy\" class=\"wp-image-154 size-medium\" src=\"http:\/\/www.yeniterter.az\/wp-content\/uploads\/\u0418\u0437\u043e\u0431\u0440\u0430\u0436\u0435\u043d\u0438\u0435-116-300x225.jpg\" alt=\"\u0418\u0437\u043e\u0431\u0440\u0430\u0436\u0435\u043d\u0438\u0435 116\" width=\"300\" height=\"225\" srcset=\"https:\/\/yeniterter.az\/wp-content\/uploads\/\u0418\u0437\u043e\u0431\u0440\u0430\u0436\u0435\u043d\u0438\u0435-116-300x225.jpg 300w, https:\/\/yeniterter.az\/wp-content\/uploads\/\u0418\u0437\u043e\u0431\u0440\u0430\u0436\u0435\u043d\u0438\u0435-116-1024x768.jpg 1024w\" sizes=\"(max-width: 300px) 100vw, 300px\" \/><\/a><p id=\"caption-attachment-154\" class=\"wp-caption-text\"><strong>Heyd\u0259r park\u0131ndan bir g\u00f6r\u00fcn\u00fc\u015f<\/strong><\/p><\/div>\n<div id=\"attachment_155\" style=\"width: 310px\" class=\"wp-caption aligncenter\"><a href=\"http:\/\/www.yeniterter.az\/wp-content\/uploads\/DSC_2460.jpg\"><img aria-describedby=\"caption-attachment-155\" decoding=\"async\" loading=\"lazy\" class=\"wp-image-155 size-medium\" src=\"http:\/\/www.yeniterter.az\/wp-content\/uploads\/DSC_2460-300x201.jpg\" alt=\"DSC_2460\" width=\"300\" height=\"201\" srcset=\"https:\/\/yeniterter.az\/wp-content\/uploads\/DSC_2460-300x201.jpg 300w, https:\/\/yeniterter.az\/wp-content\/uploads\/DSC_2460-1024x686.jpg 1024w\" sizes=\"(max-width: 300px) 100vw, 300px\" \/><\/a><p id=\"caption-attachment-155\" class=\"wp-caption-text\"><strong>T\u0259rt\u0259r R\u0130H-nin binas\u0131<\/strong><\/p><\/div>\n<div id=\"attachment_156\" style=\"width: 310px\" class=\"wp-caption aligncenter\"><a href=\"http:\/\/www.yeniterter.az\/wp-content\/uploads\/15.jpg\"><img aria-describedby=\"caption-attachment-156\" decoding=\"async\" loading=\"lazy\" class=\"wp-image-156 size-medium\" src=\"http:\/\/www.yeniterter.az\/wp-content\/uploads\/15-300x217.jpg\" alt=\"15\" width=\"300\" height=\"217\" srcset=\"https:\/\/yeniterter.az\/wp-content\/uploads\/15-300x217.jpg 300w, https:\/\/yeniterter.az\/wp-content\/uploads\/15-1024x739.jpg 1024w\" sizes=\"(max-width: 300px) 100vw, 300px\" \/><\/a><p id=\"caption-attachment-156\" class=\"wp-caption-text\"><strong>Heyd\u0259r \u018fliyevin abid\u0259si<\/strong><\/p><\/div>\n<div id=\"attachment_157\" style=\"width: 310px\" class=\"wp-caption aligncenter\"><a href=\"http:\/\/www.yeniterter.az\/wp-content\/uploads\/14.jpg\"><img aria-describedby=\"caption-attachment-157\" decoding=\"async\" loading=\"lazy\" class=\"wp-image-157 size-medium\" src=\"http:\/\/www.yeniterter.az\/wp-content\/uploads\/14-300x201.jpg\" alt=\"14\" width=\"300\" height=\"201\" srcset=\"https:\/\/yeniterter.az\/wp-content\/uploads\/14-300x201.jpg 300w, https:\/\/yeniterter.az\/wp-content\/uploads\/14-1024x686.jpg 1024w\" sizes=\"(max-width: 300px) 100vw, 300px\" \/><\/a><p id=\"caption-attachment-157\" class=\"wp-caption-text\"><strong>M\u0259rk\u0259zi Meydan<\/strong><\/p><\/div>\n<div id=\"attachment_158\" style=\"width: 310px\" class=\"wp-caption aligncenter\"><a href=\"http:\/\/www.yeniterter.az\/wp-content\/uploads\/\u0418\u0437\u043e\u0431\u0440\u0430\u0436\u0435\u043d\u0438\u0435-184.jpg\"><img aria-describedby=\"caption-attachment-158\" decoding=\"async\" loading=\"lazy\" class=\"wp-image-158 size-medium\" src=\"http:\/\/www.yeniterter.az\/wp-content\/uploads\/\u0418\u0437\u043e\u0431\u0440\u0430\u0436\u0435\u043d\u0438\u0435-184-300x201.jpg\" alt=\"\u0418\u0437\u043e\u0431\u0440\u0430\u0436\u0435\u043d\u0438\u0435 184\" width=\"300\" height=\"201\" srcset=\"https:\/\/yeniterter.az\/wp-content\/uploads\/\u0418\u0437\u043e\u0431\u0440\u0430\u0436\u0435\u043d\u0438\u0435-184-300x201.jpg 300w, https:\/\/yeniterter.az\/wp-content\/uploads\/\u0418\u0437\u043e\u0431\u0440\u0430\u0436\u0435\u043d\u0438\u0435-184-1024x686.jpg 1024w\" sizes=\"(max-width: 300px) 100vw, 300px\" \/><\/a><p id=\"caption-attachment-158\" class=\"wp-caption-text\"><strong>YAP rayon t\u0259\u015fkilat\u0131n\u0131n yeni binas\u0131<\/strong><\/p><\/div>\n<div id=\"attachment_159\" style=\"width: 310px\" class=\"wp-caption aligncenter\"><a href=\"http:\/\/www.yeniterter.az\/wp-content\/uploads\/\u0418\u0437\u043e\u0431\u0440\u0430\u0436\u0435\u043d\u0438\u0435-181.jpg\"><img aria-describedby=\"caption-attachment-159\" decoding=\"async\" loading=\"lazy\" class=\"wp-image-159 size-medium\" src=\"http:\/\/www.yeniterter.az\/wp-content\/uploads\/\u0418\u0437\u043e\u0431\u0440\u0430\u0436\u0435\u043d\u0438\u0435-181-300x201.jpg\" alt=\"\u0418\u0437\u043e\u0431\u0440\u0430\u0436\u0435\u043d\u0438\u0435 181\" width=\"300\" height=\"201\" srcset=\"https:\/\/yeniterter.az\/wp-content\/uploads\/\u0418\u0437\u043e\u0431\u0440\u0430\u0436\u0435\u043d\u0438\u0435-181-300x201.jpg 300w, https:\/\/yeniterter.az\/wp-content\/uploads\/\u0418\u0437\u043e\u0431\u0440\u0430\u0436\u0435\u043d\u0438\u0435-181-1024x686.jpg 1024w\" sizes=\"(max-width: 300px) 100vw, 300px\" \/><\/a><p id=\"caption-attachment-159\" class=\"wp-caption-text\"><strong>Heyd\u0259r \u018fliyev prospekti<\/strong><\/p><\/div>\n<div id=\"attachment_160\" style=\"width: 310px\" class=\"wp-caption aligncenter\"><a href=\"http:\/\/www.yeniterter.az\/wp-content\/uploads\/16.jpg\"><img aria-describedby=\"caption-attachment-160\" decoding=\"async\" loading=\"lazy\" class=\"wp-image-160 size-medium\" src=\"http:\/\/www.yeniterter.az\/wp-content\/uploads\/16-300x225.jpg\" alt=\"16\" width=\"300\" height=\"225\" srcset=\"https:\/\/yeniterter.az\/wp-content\/uploads\/16-300x225.jpg 300w, https:\/\/yeniterter.az\/wp-content\/uploads\/16-1024x768.jpg 1024w\" sizes=\"(max-width: 300px) 100vw, 300px\" \/><\/a><p id=\"caption-attachment-160\" class=\"wp-caption-text\"><strong>M\u0259d\u0259niyy\u0259t v\u0259 turizm \u015f\u00f6b\u0259si<\/strong><\/p><\/div>\n<div id=\"attachment_161\" style=\"width: 310px\" class=\"wp-caption aligncenter\"><a href=\"http:\/\/www.yeniterter.az\/wp-content\/uploads\/DSC_0038.jpg\"><img aria-describedby=\"caption-attachment-161\" decoding=\"async\" loading=\"lazy\" class=\"wp-image-161 size-medium\" src=\"http:\/\/www.yeniterter.az\/wp-content\/uploads\/DSC_0038-300x201.jpg\" alt=\"DSC_0038\" width=\"300\" height=\"201\" srcset=\"https:\/\/yeniterter.az\/wp-content\/uploads\/DSC_0038-300x201.jpg 300w, https:\/\/yeniterter.az\/wp-content\/uploads\/DSC_0038-1024x686.jpg 1024w\" sizes=\"(max-width: 300px) 100vw, 300px\" \/><\/a><p id=\"caption-attachment-161\" class=\"wp-caption-text\"><strong>Bab\u0259kin heyk\u0259li<\/strong><\/p><\/div>\n<div id=\"attachment_162\" style=\"width: 310px\" class=\"wp-caption aligncenter\"><a href=\"http:\/\/www.yeniterter.az\/wp-content\/uploads\/DSC_3213.jpg\"><img aria-describedby=\"caption-attachment-162\" decoding=\"async\" loading=\"lazy\" class=\"wp-image-162 size-medium\" src=\"http:\/\/www.yeniterter.az\/wp-content\/uploads\/DSC_3213-300x201.jpg\" alt=\"DSC_3213\" width=\"300\" height=\"201\" srcset=\"https:\/\/yeniterter.az\/wp-content\/uploads\/DSC_3213-300x201.jpg 300w, https:\/\/yeniterter.az\/wp-content\/uploads\/DSC_3213-1024x686.jpg 1024w\" sizes=\"(max-width: 300px) 100vw, 300px\" \/><\/a><p id=\"caption-attachment-162\" class=\"wp-caption-text\"><strong>Yeni ya\u015fay\u0131\u015f binas\u0131<\/strong><\/p><\/div>\n<div id=\"attachment_179\" style=\"width: 310px\" class=\"wp-caption aligncenter\"><a href=\"http:\/\/www.yeniterter.az\/wp-content\/uploads\/DSC_0028.jpg\"><img aria-describedby=\"caption-attachment-179\" decoding=\"async\" loading=\"lazy\" class=\"wp-image-179 size-medium\" src=\"http:\/\/www.yeniterter.az\/wp-content\/uploads\/DSC_0028-300x201.jpg\" alt=\"DSC_0028\" width=\"300\" height=\"201\" srcset=\"https:\/\/yeniterter.az\/wp-content\/uploads\/DSC_0028-300x201.jpg 300w, https:\/\/yeniterter.az\/wp-content\/uploads\/DSC_0028-1024x685.jpg 1024w\" sizes=\"(max-width: 300px) 100vw, 300px\" \/><\/a><p id=\"caption-attachment-179\" class=\"wp-caption-text\"><strong>Nizami k\u00fc\u00e7\u0259sins\u0259 n\u00fcmun\u0259vi m\u0259h\u0259ll\u0259<\/strong><\/p><\/div>\n<div id=\"attachment_182\" style=\"width: 310px\" class=\"wp-caption aligncenter\"><a href=\"http:\/\/www.yeniterter.az\/wp-content\/uploads\/\u0418\u0437\u043e\u0431\u0440\u0430\u0436\u0435\u043d\u0438\u0435-086.jpg\"><img aria-describedby=\"caption-attachment-182\" decoding=\"async\" loading=\"lazy\" class=\"wp-image-182 size-medium\" src=\"http:\/\/www.yeniterter.az\/wp-content\/uploads\/\u0418\u0437\u043e\u0431\u0440\u0430\u0436\u0435\u043d\u0438\u0435-086-300x201.jpg\" alt=\"\u0418\u0437\u043e\u0431\u0440\u0430\u0436\u0435\u043d\u0438\u0435 086\" width=\"300\" height=\"201\" srcset=\"https:\/\/yeniterter.az\/wp-content\/uploads\/\u0418\u0437\u043e\u0431\u0440\u0430\u0436\u0435\u043d\u0438\u0435-086-300x201.jpg 300w, https:\/\/yeniterter.az\/wp-content\/uploads\/\u0418\u0437\u043e\u0431\u0440\u0430\u0436\u0435\u043d\u0438\u0435-086-1024x685.jpg 1024w\" sizes=\"(max-width: 300px) 100vw, 300px\" \/><\/a><p id=\"caption-attachment-182\" class=\"wp-caption-text\"><strong>Ya\u015f\u0131l marafon<\/strong><\/p><\/div>\n<p style=\"text-align: left;\">\n<p style=\"text-align: left;\">\n<p style=\"text-align: left;\"><a href=\"http:\/\/www.yeniterter.az\/wp-content\/uploads\/DSC_0047.jpg\"><img decoding=\"async\" loading=\"lazy\" class=\"aligncenter wp-image-287 \" src=\"http:\/\/www.yeniterter.az\/wp-content\/uploads\/DSC_0047-300x201.jpg\" alt=\"DSC_0047\" width=\"309\" height=\"207\" srcset=\"https:\/\/yeniterter.az\/wp-content\/uploads\/DSC_0047-300x201.jpg 300w, https:\/\/yeniterter.az\/wp-content\/uploads\/DSC_0047-1024x686.jpg 1024w\" sizes=\"(max-width: 309px) 100vw, 309px\" \/><\/a><\/p>\n<p style=\"text-align: left;\">\n<p style=\"text-align: left;\"><a href=\"http:\/\/www.yeniterter.az\/wp-content\/uploads\/DSC_3917.jpg\"><img decoding=\"async\" loading=\"lazy\" class=\"aligncenter size-medium wp-image-288\" src=\"http:\/\/www.yeniterter.az\/wp-content\/uploads\/DSC_3917-300x201.jpg\" alt=\"DSC_3917\" width=\"300\" height=\"201\" srcset=\"https:\/\/yeniterter.az\/wp-content\/uploads\/DSC_3917-300x201.jpg 300w, https:\/\/yeniterter.az\/wp-content\/uploads\/DSC_3917-1024x686.jpg 1024w\" sizes=\"(max-width: 300px) 100vw, 300px\" \/><\/a><\/p>\n<p style=\"text-align: left;\">\n<p style=\"text-align: left;\"><a href=\"http:\/\/www.yeniterter.az\/wp-content\/uploads\/DSC_3216.jpg\"><img decoding=\"async\" loading=\"lazy\" class=\"aligncenter size-medium wp-image-289\" src=\"http:\/\/www.yeniterter.az\/wp-content\/uploads\/DSC_3216-300x201.jpg\" alt=\"DSC_3216\" width=\"300\" height=\"201\" srcset=\"https:\/\/yeniterter.az\/wp-content\/uploads\/DSC_3216-300x201.jpg 300w, https:\/\/yeniterter.az\/wp-content\/uploads\/DSC_3216-1024x686.jpg 1024w\" sizes=\"(max-width: 300px) 100vw, 300px\" \/><\/a><\/p>\n<p style=\"text-align: left;\">\n<p style=\"text-align: left;\"><a href=\"http:\/\/www.yeniterter.az\/wp-content\/uploads\/\u0418\u0437\u043e\u0431\u0440\u0430\u0436\u0435\u043d\u0438\u0435-005.jpg\"><img decoding=\"async\" loading=\"lazy\" class=\"aligncenter size-medium wp-image-290\" src=\"http:\/\/www.yeniterter.az\/wp-content\/uploads\/\u0418\u0437\u043e\u0431\u0440\u0430\u0436\u0435\u043d\u0438\u0435-005-300x201.jpg\" alt=\"\u0418\u0437\u043e\u0431\u0440\u0430\u0436\u0435\u043d\u0438\u0435 005\" width=\"300\" height=\"201\" srcset=\"https:\/\/yeniterter.az\/wp-content\/uploads\/\u0418\u0437\u043e\u0431\u0440\u0430\u0436\u0435\u043d\u0438\u0435-005-300x201.jpg 300w, https:\/\/yeniterter.az\/wp-content\/uploads\/\u0418\u0437\u043e\u0431\u0440\u0430\u0436\u0435\u043d\u0438\u0435-005-1024x686.jpg 1024w\" sizes=\"(max-width: 300px) 100vw, 300px\" \/><\/a><\/p>\n<p style=\"text-align: left;\">\n<p style=\"text-align: left;\"><a href=\"http:\/\/www.yeniterter.az\/wp-content\/uploads\/hqdefault.jpg\"><img decoding=\"async\" loading=\"lazy\" class=\"aligncenter size-medium wp-image-165\" src=\"http:\/\/www.yeniterter.az\/wp-content\/uploads\/hqdefault-300x200.jpg\" alt=\"hqdefault\" width=\"300\" height=\"200\" srcset=\"https:\/\/yeniterter.az\/wp-content\/uploads\/hqdefault-300x200.jpg 300w, https:\/\/yeniterter.az\/wp-content\/uploads\/hqdefault.jpg 410w\" sizes=\"(max-width: 300px) 100vw, 300px\" \/><\/a><\/p>\n<p style=\"text-align: left;\"><a href=\"http:\/\/www.yeniterter.az\/wp-content\/uploads\/pages-gallery-505.jpg\"><img decoding=\"async\" loading=\"lazy\" class=\"aligncenter size-medium wp-image-164\" src=\"http:\/\/www.yeniterter.az\/wp-content\/uploads\/pages-gallery-505-300x185.jpg\" alt=\"pages-gallery-505\" width=\"300\" height=\"185\" srcset=\"https:\/\/yeniterter.az\/wp-content\/uploads\/pages-gallery-505-300x185.jpg 300w, https:\/\/yeniterter.az\/wp-content\/uploads\/pages-gallery-505-1024x632.jpg 1024w\" sizes=\"(max-width: 300px) 100vw, 300px\" \/><\/a><\/p>\n<p style=\"text-align: left;\"><a href=\"http:\/\/www.yeniterter.az\/wp-content\/uploads\/maxresdefault.jpg\"><img decoding=\"async\" loading=\"lazy\" class=\"aligncenter size-medium wp-image-163\" src=\"http:\/\/www.yeniterter.az\/wp-content\/uploads\/maxresdefault-300x169.jpg\" alt=\"maxresdefault\" width=\"300\" height=\"169\" srcset=\"https:\/\/yeniterter.az\/wp-content\/uploads\/maxresdefault-300x169.jpg 300w, https:\/\/yeniterter.az\/wp-content\/uploads\/maxresdefault-1024x576.jpg 1024w\" sizes=\"(max-width: 300px) 100vw, 300px\" \/><\/a><\/p>\n","protected":false},"excerpt":{"rendered":"","protected":false},"author":1,"featured_media":0,"parent":0,"menu_order":3,"comment_status":"closed","ping_status":"closed","template":"","meta":[],"_links":{"self":[{"href":"https:\/\/yeniterter.az\/index.php?rest_route=\/wp\/v2\/pages\/9"}],"collection":[{"href":"https:\/\/yeniterter.az\/index.php?rest_route=\/wp\/v2\/pages"}],"about":[{"href":"https:\/\/yeniterter.az\/index.php?rest_route=\/wp\/v2\/types\/page"}],"author":[{"embeddable":true,"href":"https:\/\/yeniterter.az\/index.php?rest_route=\/wp\/v2\/users\/1"}],"replies":[{"embeddable":true,"href":"https:\/\/yeniterter.az\/index.php?rest_route=%2Fwp%2Fv2%2Fcomments&post=9"}],"version-history":[{"count":0,"href":"https:\/\/yeniterter.az\/index.php?rest_route=\/wp\/v2\/pages\/9\/revisions"}],"wp:attachment":[{"href":"https:\/\/yeniterter.az\/index.php?rest_route=%2Fwp%2Fv2%2Fmedia&parent=9"}],"curies":[{"name":"wp","href":"https:\/\/api.w.org\/{rel}","templated":true}]}}