{"id":7,"date":"2015-02-21T12:11:48","date_gmt":"2015-02-21T09:11:48","guid":{"rendered":"http:\/\/www.yeniterter.az\/?page_id=7"},"modified":"2020-02-10T22:56:35","modified_gmt":"2020-02-10T19:56:35","slug":"m%c9%99tbuat-haqqinda","status":"publish","type":"page","link":"https:\/\/yeniterter.az\/?page_id=7","title":{"rendered":"M\u0259tbuat haqq\u0131nda"},"content":{"rendered":"<p style=\"text-align: left;\"><strong>\u00abYeni T\u0259rt\u0259r\u00bb q\u0259zetinin tarixi haqq\u0131nda<\/strong><\/p>\n<p style=\"text-align: left;\"><a href=\"http:\/\/www.yeniterter.az\/wp-content\/uploads\/IMG_0024-e1425565243567.jpg\"><img decoding=\"async\" loading=\"lazy\" class=\" size-medium wp-image-129 alignleft\" src=\"http:\/\/www.yeniterter.az\/wp-content\/uploads\/IMG_0024-e1425565243567-270x300.jpg\" alt=\"IMG_0024\" width=\"270\" height=\"300\" srcset=\"https:\/\/yeniterter.az\/wp-content\/uploads\/IMG_0024-e1425565243567-270x300.jpg 270w, https:\/\/yeniterter.az\/wp-content\/uploads\/IMG_0024-e1425565243567-922x1024.jpg 922w\" sizes=\"(max-width: 270px) 100vw, 270px\" \/><\/a><\/p>\n<p>T\u0259rt\u0259r rayon q\u0259zetinin tarixi 1934-c\u00fc il aprel ay\u0131ndan ba\u015flay\u0131b. Q\u0259zetin ilk n\u00fcsx\u0259si \u00abKolxozcular\u0131n varlanmas\u0131 u\u011frunda\u00bb ad\u0131 il\u0259 n\u0259\u015fr olunub. T\u0259rt\u0259r rayon MTS-in Siyasi \u015e\u00f6b\u0259sinin orqan\u0131 idi. H\u0259ft\u0259d\u0259 1 d\u0259f\u0259 \u00e7\u0131x\u0131rd\u0131. Q\u0259zet B\u0259rd\u0259d\u0259 \u00abStalin yolu\u00bb q\u0259zetinin m\u0259tb\u0259\u0259sind\u0259 cap olunurdu v\u0259 MTS Siyasi \u015e\u00f6b\u0259sinin r\u0259isi Nazim M\u0259mm\u0259dovun imzas\u0131 il\u0259 i\u015f\u0131q \u00fcz\u00fc g\u00f6r\u00fcrd\u00fc. Q\u0259zetin b\u00fct\u00fcn i\u015fl\u0259rini iki \u0259m\u0259kda\u015f\u0131-Ziyad S\u0259f\u0259rov v\u0259 N\u0259riman Mustafayev yerin\u0259 yetirirdi. Redaksiya T\u0259rt\u0259r \u015f\u0259h\u0259rinin ke\u00e7mi\u015f Sovet k\u00fc\u00e7\u0259sind\u0259, haz\u0131rda Qaraba\u011f \u018flill\u0259ri, Veteranlar\u0131 v\u0259 \u015e\u0259hid Ail\u0259l\u0259ri \u0130ctimai Birliyi T\u0259rt\u0259r Rayon \u015e\u00f6b\u0259sinin yerl\u0259\u015fdiyi binada f\u0259aliyy\u0259t g\u00f6st\u0259rirdi. 1934-c\u00fc ilin sonunda T\u0259rt\u0259rd\u0259 m\u0259tb\u0259\u0259 t\u0259\u015fkil olundu. T\u0259\u015fkilat\u00e7\u0131s\u0131 Mir M\u0259h\u0259mm\u0259d Seyid H\u00fcseyn o\u011flu Babayev idi.<\/p>\n<p>1935-37-ci ilin sentyabr\u0131nad\u0259k q\u0259zetin redaktoru X\u0259lil \u015e\u0259fizad\u0259 olmu\u015fdur.<\/p>\n<p>Q\u0259zet 1937-ci ild\u0259n \u00abQ\u0131z\u0131l bayraq\u00bb adland\u0131r\u0131ld\u0131 v\u0259 redaktoru Q\u0259mb\u0259r N\u0259biyev idi. 3000 n\u00fcsx\u0259 tirajla cap olunurdu. 1939-cu ild\u0259n 1943-c\u00fc il\u0259 q\u0259d\u0259r \u00abQ\u0131z\u0131l bayraq\u00bb q\u0259zetin\u0259 \u018fli A\u011fayev redaktorluq etdi.<\/p>\n<p>\u00abQ\u0131z\u0131l bayraq\u00bb q\u0259zetinin 1944-c\u00fc ild\u0259n 1962-ci il\u0259 kimi redaktoru Z\u00fclfiqar F\u0259r\u0259cov oldu. Sonralar q\u0259zetin redaktorlar\u0131 Ayd\u0131n M\u0259mm\u0259dxanov, Zahid \u0130smay\u0131lov, Z\u00f6hrab M\u0259mm\u0259dov, Hilal Bayramov v\u0259 T\u0259v\u0259kk\u00fcl N\u0259c\u0259fov olmu\u015flar.<\/p>\n<p>Q\u0259zetin \u201cQ\u0131z\u0131l bayraq\u201d ad\u0131 1991-ci ild\u0259 d\u0259yi\u015fdiril\u0259r\u0259k \u201cT\u0259rt\u0259r\u201d qoyuldu. H\u0259min ill\u0259rd\u0259 q\u0259zet h\u0259ft\u0259d\u0259 \u00fc\u00e7 d\u0259f\u0259 5500 n\u00fcsx\u0259 tirajla n\u0259\u015fr olunurdu.<\/p>\n<p>Qaraba\u011f m\u00fcharib\u0259sind\u0259 T\u0259rt\u0259r rayonu c\u0259bh\u0259 b\u00f6lg\u0259si oldu\u011fundan 1992-ci ilin mart ay\u0131n\u0131n 17-d\u0259 (ilax\u0131r \u00e7\u0259r\u015f\u0259nb\u0259 gec\u0259si) erm\u0259nil\u0259r t\u0259r\u0259find\u0259n at\u0131lan \u00abQrad\u00bb raketi redaksiyan\u0131n binas\u0131n\u0131 da\u011f\u0131tm\u0131\u015fd\u0131. Buna baxmayaraq q\u0259zetin \u0259m\u0259kda\u015flar\u0131 \u00f6z f\u0259aliyy\u0259tl\u0259rini davam etdir\u0259r\u0259k rayonun ictimai-siyasi h\u0259yat\u0131n\u0131, h\u0259myerlil\u0259rimizin m\u00fcharib\u0259d\u0259ki igidlikl\u0259rini i\u015f\u0131qland\u0131r\u0131rd\u0131lar. Lakin redaksiyan\u0131n maddi imkan\u0131 getdikc\u0259 z\u0259ifl\u0259yirdi. Rayon q\u0259zetinin f\u0259aliyy\u0259ti 1998-ci il oktyabr ay\u0131ndan dayand\u0131.<\/p>\n<p>Q\u0259zet 2005-ci ilin avqust ay\u0131ndan\u00a0 \u00abYeni T\u0259rt\u0259r\u00bb ad\u0131 il\u0259 \u015fair,\u00a0 publisist Tofiq Yusifin redaktorlu\u011fu alt\u0131nda yenid\u0259n i\u015f\u0131q \u00fcz\u00fc g\u00f6rd\u00fc. F\u0259aliyy\u0259t\u0259 ba\u015flad\u0131\u011f\u0131 zaman \u00e7ox \u00e7\u0259tin \u015f\u0259raitd\u0259 \u00e7ap olunurdu. Ilk n\u00f6vb\u0259d\u0259 m\u0259tb\u0259\u0259nin olmamas\u0131 v\u0259 q\u0259zetin maliyy\u0259 v\u0259ziyy\u0259tinin a\u011f\u0131rl\u0131\u011f\u0131 i\u015fi daha da \u00e7\u0259tinl\u0259\u015fdirirdi. Yaln\u0131z materiallar burada \u0259ll\u0259 yaz\u0131l\u0131r, qalan b\u00fct\u00fcn i\u015fl\u0259r is\u0259 Ming\u0259\u00e7evir \u015f\u0259h\u0259rind\u0259ki Poliqrafiya M\u00fc\u0259ssis\u0259sind\u0259 g\u00f6r\u00fcl\u00fcrd\u00fc v\u0259 indi bu proses G\u0259nc\u0259d\u0259 davam edir. Haz\u0131rda bir \u00e7ox \u00e7\u0259tinlikl\u0259r aradan qald\u0131r\u0131l\u0131b, \u00abYeni T\u0259rt\u0259r\u00bb q\u0259zeti 2000 n\u00fcsx\u0259 il\u0259 \u00e7ap olunur.<\/p>\n<p>Redaktor Tofiq Yusif (H\u00fcseynov) uzun ill\u0259rdir ki, respublika m\u0259tbuat\u0131nda s\u0259m\u0259r\u0259li f\u0259aliyy\u0259tin\u0259 v\u0259 8 kitab m\u00fc\u0259llifi oldu\u011funa g\u00f6r\u0259 Az\u0259rbaycan Yaz\u0131\u00e7\u0131lar Birliyinin, Az\u0259rbaycan Jurnalistl\u0259r Birliyinin v\u0259 Az\u0259rbaycan M\u0259tbuat \u015euras\u0131n\u0131n \u00fczv\u00fc se\u00e7ilmi\u015f, \u00abQ\u0131z\u0131l q\u0259l\u0259m\u00bb v\u0259 \u00abM\u0259mm\u0259d Araz\u00bb m\u00fckafatlar\u0131na layiq g\u00f6r\u00fclm\u00fc\u015fd\u00fcr.<\/p>\n","protected":false},"excerpt":{"rendered":"<p>\u00abYeni T\u0259rt\u0259r\u00bb q\u0259zetinin tarixi haqq\u0131nda T\u0259rt\u0259r rayon q\u0259zetinin tarixi 1934-c\u00fc il aprel ay\u0131ndan ba\u015flay\u0131b. Q\u0259zetin ilk n\u00fcsx\u0259si \u00abKolxozcular\u0131n varlanmas\u0131 u\u011frunda\u00bb ad\u0131 il\u0259 n\u0259\u015fr olunub. T\u0259rt\u0259r rayon MTS-in Siyasi \u015e\u00f6b\u0259sinin orqan\u0131 idi. H\u0259ft\u0259d\u0259 1 d\u0259f\u0259 \u00e7\u0131x\u0131rd\u0131. Q\u0259zet B\u0259rd\u0259d\u0259 \u00abStalin yolu\u00bb q\u0259zetinin m\u0259tb\u0259\u0259sind\u0259 cap olunurdu v\u0259 MTS Siyasi \u015e\u00f6b\u0259sinin r\u0259isi Nazim M\u0259mm\u0259dovun imzas\u0131 il\u0259 i\u015f\u0131q \u00fcz\u00fc g\u00f6r\u00fcrd\u00fc. [&hellip;]<\/p>\n","protected":false},"author":1,"featured_media":0,"parent":0,"menu_order":2,"comment_status":"closed","ping_status":"closed","template":"","meta":[],"_links":{"self":[{"href":"https:\/\/yeniterter.az\/index.php?rest_route=\/wp\/v2\/pages\/7"}],"collection":[{"href":"https:\/\/yeniterter.az\/index.php?rest_route=\/wp\/v2\/pages"}],"about":[{"href":"https:\/\/yeniterter.az\/index.php?rest_route=\/wp\/v2\/types\/page"}],"author":[{"embeddable":true,"href":"https:\/\/yeniterter.az\/index.php?rest_route=\/wp\/v2\/users\/1"}],"replies":[{"embeddable":true,"href":"https:\/\/yeniterter.az\/index.php?rest_route=%2Fwp%2Fv2%2Fcomments&post=7"}],"version-history":[{"count":0,"href":"https:\/\/yeniterter.az\/index.php?rest_route=\/wp\/v2\/pages\/7\/revisions"}],"wp:attachment":[{"href":"https:\/\/yeniterter.az\/index.php?rest_route=%2Fwp%2Fv2%2Fmedia&parent=7"}],"curies":[{"name":"wp","href":"https:\/\/api.w.org\/{rel}","templated":true}]}}