{"id":30090,"date":"2025-08-25T12:28:50","date_gmt":"2025-08-25T09:28:50","guid":{"rendered":"https:\/\/yeniterter.az\/?page_id=30090"},"modified":"2025-08-25T12:28:50","modified_gmt":"2025-08-25T09:28:50","slug":"k%c9%99lb%c9%99c%c9%99rd%c9%99-yeni-h%c9%99yat-baslayir","status":"publish","type":"page","link":"https:\/\/yeniterter.az\/?page_id=30090","title":{"rendered":"K\u0259lb\u0259c\u0259rd\u0259 yeni h\u0259yat ba\u015flay\u0131r."},"content":{"rendered":"<p style=\"text-align: left;\">\u00a0 <img decoding=\"async\" loading=\"lazy\" class=\" wp-image-30091 alignright\" src=\"https:\/\/yeniterter.az\/wp-content\/uploads\/\u0411\u0435\u0437-\u0438\u043c\u0435\u043d\u0438-300x199.jpg\" alt=\"\" width=\"252\" height=\"167\" srcset=\"https:\/\/yeniterter.az\/wp-content\/uploads\/\u0411\u0435\u0437-\u0438\u043c\u0435\u043d\u0438-300x199.jpg 300w, https:\/\/yeniterter.az\/wp-content\/uploads\/\u0411\u0435\u0437-\u0438\u043c\u0435\u043d\u0438-1024x678.jpg 1024w, https:\/\/yeniterter.az\/wp-content\/uploads\/\u0411\u0435\u0437-\u0438\u043c\u0435\u043d\u0438-768x508.jpg 768w, https:\/\/yeniterter.az\/wp-content\/uploads\/\u0411\u0435\u0437-\u0438\u043c\u0435\u043d\u0438.jpg 1070w\" sizes=\"(max-width: 252px) 100vw, 252px\" \/>\u00a0Uzun ill\u0259r erm\u0259ni i\u015f\u011fal\u0131 alt\u0131nda qalan K\u0259lb\u0259c\u0259r indi yenid\u0259n canlan\u0131r, h\u0259yata qovu\u015fur. Az\u0259rbaycan d\u00f6vl\u0259tinin r\u0259hb\u0259ri M\u00f6ht\u0259r\u0259m Prezidentimizin apard\u0131\u011f\u0131 ard\u0131c\u0131l siyas\u0259ti, g\u00fccl\u00fc irad\u0259si v\u0259 m\u00f6ht\u0259\u015f\u0259m infrastruktur layih\u0259l\u0259ri n\u0259tic\u0259sind\u0259 K\u0259lb\u0259c\u0259r bu g\u00fcn dir\u00e7\u0259li\u015f d\u00f6vr\u00fcn\u00fc ya\u015fay\u0131r.<\/p>\n<p>\u00a0\u00a0 M\u0259lum oldu\u011fu kimi haz\u0131rda K\u0259lb\u0259c\u0259rd\u0259 geni\u015fmiqyasl\u0131 infrastruktur layih\u0259l\u0259ri h\u0259yata ke\u00e7irilir. \u015e\u0259h\u0259rin \u0259vv\u0259lki kadrlar\u0131na baxanda da\u011f\u0131nt\u0131lar\u0131n, viran qalm\u0131\u015f k\u0259ndl\u0259rin, bo\u015falm\u0131\u015f evl\u0259rin m\u0259nz\u0259r\u0259si insan\u0131 k\u0259d\u0259rl\u0259ndirs\u0259 d\u0259, bu g\u00fcn h\u0259min torpaqlarda yeni h\u0259yat\u0131n t\u0259m\u0259li at\u0131l\u0131r.<\/p>\n<p><!--more-->K\u0259lb\u0259c\u0259r t\u0259bi\u0259t m\u00f6c\u00fcz\u0259sidir. Burada minl\u0259rl\u0259 hektar me\u015f\u0259 sah\u0259si, nadir flora v\u0259 fauna, da\u011f \u00e7aylar\u0131 v\u0259 bulaqlar\u0131 m\u00f6vcuddur. \u018fsrl\u0259r boyu K\u0259lb\u0259c\u0259r sular\u0131 il\u0259, t\u0259miz havas\u0131 il\u0259, z\u0259ngin t\u0259bi\u0259ti il\u0259 m\u0259\u015fhur olub. &#8220;\u0130stisu&#8221; kimi mineral bulaqlar\u0131 h\u0259m Az\u0259rbaycanda, h\u0259m d\u0259 regionda tan\u0131n\u0131b. Bu g\u00fcn h\u0259min t\u0259bii s\u0259rv\u0259tl\u0259r yenid\u0259n xalq\u0131n istifad\u0259sin\u0259 qaytar\u0131l\u0131r<\/p>\n<p>K\u0259lb\u0259c\u0259rin inki\u015faf\u0131 il\u0259 ba\u011fl\u0131 \u0259n m\u00fch\u00fcm hadis\u0259l\u0259rd\u0259n biri avqustun 21-d\u0259 M\u00f6ht\u0259r\u0259m Prezidentimiz \u0130lham \u018fliyev c\u0259nablar\u0131n\u0131n v\u0259 birinci xan\u0131m Mehriban \u018fliyevan\u0131n K\u0259lb\u0259c\u0259r\u0259 s\u0259f\u0259ri oldu. M\u00f6ht\u0259r\u0259m Prezidentimiz \u0130lham \u018fliyevin v\u0259 birinci xan\u0131m Mehriban \u018fliyevan\u0131n K\u0259lb\u0259c\u0259r \u015f\u0259h\u0259rind\u0259 f\u0259rdi v\u0259 \u00e7oxm\u0259rt\u0259b\u0259li evl\u0259rd\u0259 yarad\u0131lan \u015f\u0259raitl\u0259 tan\u0131\u015f olmalar\u0131, buraya k\u00f6\u00e7\u0259n sakinl\u0259rl\u0259 g\u00f6r\u00fc\u015fm\u0259l\u0259ri, m\u0259nzill\u0259rin a\u00e7arlar\u0131n\u0131 t\u0259qdim etm\u0259l\u0259ri mill\u0259timizin h\u0259yat\u0131nda tarixi bir g\u00fcnd\u00fcr. K\u0259lb\u0259c\u0259r sakinl\u0259rinin ilk qrupu 32 ild\u0259n sonra do\u011fma diyara qay\u0131td\u0131.<\/p>\n<p>M\u00f6ht\u0259r\u0259m Prezidentimiz K\u0259lb\u0259c\u0259r sakinl\u0259ri il\u0259 g\u00f6r\u00fc\u015fd\u0259 qeyd edib ki,\u201dbiz \u0259dal\u0259ti b\u0259rpa etdik, haqq\u0131m\u0131z\u0131 b\u0259rpa etdik v\u0259 bug\u00fcnk\u00fc t\u0259dbir bir daha onu g\u00f6st\u0259rir ki, Az\u0259rbaycan xalq\u0131 irad\u0259li xalqd\u0131r. Az\u0259rbaycan xalq\u0131 \u00f6z do\u011fma torpa\u011f\u0131na ba\u011fl\u0131d\u0131r v\u0259 b\u00fct\u00fcn \u00e7\u0259tinlikl\u0259r\u0259 baxmayaraq, i\u015f\u011fal d\u00f6vr\u00fcnd\u0259 biz\u00a0 inam\u0131m\u0131z\u0131 itirm\u0259di, h\u0259r birimiz &#8211; b\u00fct\u00fcn xalq h\u0259r g\u00fcn bu m\u00fcq\u0259dd\u0259s g\u00fcn\u00fc yax\u0131nla\u015fd\u0131r\u0131rd\u0131. V\u0259t\u0259n topaqlar\u0131n\u0131n i\u015f\u011faldan azad edildiyi v\u0259 ke\u00e7mi\u015f m\u0259cburi k\u00f6\u00e7k\u00fcn qarda\u015f-bac\u0131lar\u0131m\u0131z\u0131n do\u011fma yurdlar\u0131na qay\u0131tmas\u0131 h\u0259r bir v\u0259t\u0259n \u00f6vlad\u0131 \u00fc\u00e7\u00fcn m\u00fcq\u0259dd\u0259s g\u00fcnd\u00fcr. Q\u0131sa m\u00fcdd\u0259td\u0259 K\u0259lb\u0259c\u0259r\u0259 i\u015f\u0131q, su, t\u0259bii qaz \u00e7\u0259kilib, yollar sal\u0131n\u0131b, minalardan t\u0259mizl\u0259m\u0259 i\u015fi apar\u0131l\u0131b.<\/p>\n<p>Az\u0259rbaycan d\u00f6vl\u0259ti v\u0259 Az\u0259rbaycan xalq\u0131 bir yumruq kimi birl\u0259\u015fdi v\u0259 biz Erm\u0259nistan\u0131 c\u0259mi 44 g\u00fcn \u0259rzind\u0259 kapitulyasiya akt\u0131n\u0131 imzalama\u011fa m\u0259cbur etdik. 44 g\u00fcnl\u00fck V\u0259t\u0259n m\u00fcharib\u0259si \u015fanl\u0131 tariximizdir. Az\u0259rbaycan\u0131n h\u0259r v\u0259t\u0259nda\u015f\u0131 bu tarixl\u0259 f\u0259xr edir v\u0259 g\u0259l\u0259c\u0259k n\u0259sill\u0259rin yadda\u015f\u0131na h\u0259kk edirik.\u00a0 Bizl\u0259r \u0259minlikl\u0259 inan\u0131r\u0131q ki, g\u0259l\u0259c\u0259k n\u0259sill\u0259r \u00fc\u00e7\u00fcn sabit v\u0259 firavan h\u0259yat\u0131n bel\u0259likl\u0259, K\u0259lb\u0259c\u0259r indi yaln\u0131z b\u0259rpa edilmir, h\u0259m d\u0259 yeni h\u0259yat, inki\u015faf v\u0259 firavanl\u0131q simvoluna \u00e7evrilir. Prezident v\u0259 birinci xan\u0131m\u0131n s\u0259f\u0259ri bu tarixi dir\u00e7\u0259li\u015fi \u0259yani n\u00fcmayi\u015f etdirdi, sakinl\u0259rin \u00fcz\u00fcnd\u0259 sevinc yaratd\u0131 v\u0259 b\u00f6lg\u0259nin g\u0259l\u0259c\u0259yi \u00fc\u00e7\u00fcn \u00fcmidl\u0259ri daha da g\u00fccl\u0259ndirdi. H\u0259r bir layih\u0259, h\u0259r bir infrastruktur yeniliyi K\u0259lb\u0259c\u0259rin h\u0259m iqtisadi, h\u0259m d\u0259 m\u0259d\u0259ni h\u0259yat\u0131na can verir v\u0259 Az\u0259rbaycan\u0131n tarixi torpaqlar\u0131n\u0131n b\u0259rpas\u0131 prosesinin u\u011furunu simvoliz\u0259 edir.<\/p>\n<p>Biz Az\u0259rbaycan xalq\u0131 \u0259minlikl\u0259 inan\u0131r\u0131q ki,\u00a0 M\u00f6ht\u0259r\u0259m\u00a0 Prezidentimizin Qaraba\u011fa Qay\u0131d\u0131\u015f Proqram\u0131\u00a0 \u0259sas\u0131nda d\u0259d\u0259-baba yurdlar\u0131ndan did\u0259rgin d\u00fc\u015fm\u00fc\u015f b\u00fct\u00fcn soyda\u015flar\u0131m\u0131z \u00f6z do\u011fma torpaqlar\u0131na qay\u0131dacaqlar.<\/p>\n<p>&nbsp;<\/p>\n<p>YAP T\u0259rt\u0259r rayon t\u0259\u015fkilat\u0131n\u0131n s\u0259dri Eldar \u018fs\u0259dov<\/p>\n","protected":false},"excerpt":{"rendered":"<p>\u00a0 \u00a0Uzun ill\u0259r erm\u0259ni i\u015f\u011fal\u0131 alt\u0131nda qalan K\u0259lb\u0259c\u0259r indi yenid\u0259n canlan\u0131r, h\u0259yata qovu\u015fur. Az\u0259rbaycan d\u00f6vl\u0259tinin r\u0259hb\u0259ri M\u00f6ht\u0259r\u0259m Prezidentimizin apard\u0131\u011f\u0131 ard\u0131c\u0131l siyas\u0259ti, g\u00fccl\u00fc irad\u0259si v\u0259 m\u00f6ht\u0259\u015f\u0259m infrastruktur layih\u0259l\u0259ri n\u0259tic\u0259sind\u0259 K\u0259lb\u0259c\u0259r bu g\u00fcn dir\u00e7\u0259li\u015f d\u00f6vr\u00fcn\u00fc ya\u015fay\u0131r. \u00a0\u00a0 M\u0259lum oldu\u011fu kimi haz\u0131rda K\u0259lb\u0259c\u0259rd\u0259 geni\u015fmiqyasl\u0131 infrastruktur layih\u0259l\u0259ri h\u0259yata ke\u00e7irilir. \u015e\u0259h\u0259rin \u0259vv\u0259lki kadrlar\u0131na baxanda da\u011f\u0131nt\u0131lar\u0131n, viran qalm\u0131\u015f k\u0259ndl\u0259rin, bo\u015falm\u0131\u015f evl\u0259rin [&hellip;]<\/p>\n","protected":false},"author":2,"featured_media":0,"parent":0,"menu_order":0,"comment_status":"closed","ping_status":"closed","template":"","meta":[],"_links":{"self":[{"href":"https:\/\/yeniterter.az\/index.php?rest_route=\/wp\/v2\/pages\/30090"}],"collection":[{"href":"https:\/\/yeniterter.az\/index.php?rest_route=\/wp\/v2\/pages"}],"about":[{"href":"https:\/\/yeniterter.az\/index.php?rest_route=\/wp\/v2\/types\/page"}],"author":[{"embeddable":true,"href":"https:\/\/yeniterter.az\/index.php?rest_route=\/wp\/v2\/users\/2"}],"replies":[{"embeddable":true,"href":"https:\/\/yeniterter.az\/index.php?rest_route=%2Fwp%2Fv2%2Fcomments&post=30090"}],"version-history":[{"count":1,"href":"https:\/\/yeniterter.az\/index.php?rest_route=\/wp\/v2\/pages\/30090\/revisions"}],"predecessor-version":[{"id":30092,"href":"https:\/\/yeniterter.az\/index.php?rest_route=\/wp\/v2\/pages\/30090\/revisions\/30092"}],"wp:attachment":[{"href":"https:\/\/yeniterter.az\/index.php?rest_route=%2Fwp%2Fv2%2Fmedia&parent=30090"}],"curies":[{"name":"wp","href":"https:\/\/api.w.org\/{rel}","templated":true}]}}